{"id":486,"date":"2024-04-15T09:36:50","date_gmt":"2024-04-15T07:36:50","guid":{"rendered":"https:\/\/abakandoss.com\/reservation-de-chambre\/"},"modified":"2024-04-23T16:43:22","modified_gmt":"2024-04-23T14:43:22","slug":"reservation-de-chambre","status":"publish","type":"page","link":"https:\/\/abakandoss.com\/fr\/reservation-de-chambre\/","title":{"rendered":"Reservation de chambre"},"content":{"rendered":"\t\t<div data-elementor-type=\"wp-page\" data-elementor-id=\"486\" class=\"elementor elementor-486 elementor-410\" data-elementor-post-type=\"page\">\n\t\t\t\t<div class=\"elementor-element elementor-element-d479f5c e-flex e-con-boxed e-con e-parent\" data-id=\"d479f5c\" data-element_type=\"container\" data-settings=\"{&quot;background_background&quot;:&quot;classic&quot;,&quot;background_motion_fx_translateY_effect&quot;:&quot;yes&quot;,&quot;background_motion_fx_translateY_speed&quot;:{&quot;unit&quot;:&quot;px&quot;,&quot;size&quot;:5,&quot;sizes&quot;:[]},&quot;background_motion_fx_motion_fx_scrolling&quot;:&quot;yes&quot;,&quot;background_motion_fx_translateY_affectedRange&quot;:{&quot;unit&quot;:&quot;%&quot;,&quot;size&quot;:&quot;&quot;,&quot;sizes&quot;:{&quot;start&quot;:0,&quot;end&quot;:100}},&quot;background_motion_fx_devices&quot;:[&quot;desktop&quot;,&quot;tablet&quot;,&quot;mobile&quot;]}\">\n\t\t\t\t\t<div class=\"e-con-inner\">\n\t\t\t\t<div class=\"elementor-element elementor-element-77a0e89 elementor-widget elementor-widget-theme-site-logo elementor-widget-image\" data-id=\"77a0e89\" data-element_type=\"widget\" data-widget_type=\"theme-site-logo.default\">\n\t\t\t\t<div class=\"elementor-widget-container\">\n\t\t\t\t\t\t\t\t\t\t\t<a href=\"https:\/\/abakandoss.com\/fr\/\">\n\t\t\t<img decoding=\"async\" src=\"https:\/\/abakandoss.com\/wp-content\/uploads\/elementor\/thumbs\/image-15-qn4z263p6orulod5ql9lk91scxkc3fg62d5bclti2q.png\" title=\"abakando jatetxea_logo\" alt=\"abakando jatetxea_logo\" loading=\"lazy\" \/>\t\t\t\t<\/a>\n\t\t\t\t\t\t\t\t\t\t\t<\/div>\n\t\t\t\t<\/div>\n\t\t\t\t<div class=\"elementor-element elementor-element-d87262f elementor-widget elementor-widget-spacer\" data-id=\"d87262f\" data-element_type=\"widget\" data-widget_type=\"spacer.default\">\n\t\t\t\t<div class=\"elementor-widget-container\">\n\t\t\t\t\t\t\t<div class=\"elementor-spacer\">\n\t\t\t<div class=\"elementor-spacer-inner\"><\/div>\n\t\t<\/div>\n\t\t\t\t\t\t<\/div>\n\t\t\t\t<\/div>\n\t\t\t\t<div class=\"elementor-element elementor-element-2347eb1 elementor-widget elementor-widget-heading\" data-id=\"2347eb1\" data-element_type=\"widget\" data-widget_type=\"heading.default\">\n\t\t\t\t<div class=\"elementor-widget-container\">\n\t\t\t\t\t<h1 class=\"elementor-heading-title elementor-size-default\">Reservation de chambre<\/h1>\t\t\t\t<\/div>\n\t\t\t\t<\/div>\n\t\t\t\t<div class=\"elementor-element elementor-element-83740ef elementor-widget elementor-widget-spacer\" data-id=\"83740ef\" data-element_type=\"widget\" data-widget_type=\"spacer.default\">\n\t\t\t\t<div class=\"elementor-widget-container\">\n\t\t\t\t\t\t\t<div class=\"elementor-spacer\">\n\t\t\t<div class=\"elementor-spacer-inner\"><\/div>\n\t\t<\/div>\n\t\t\t\t\t\t<\/div>\n\t\t\t\t<\/div>\n\t\t\t\t<div class=\"elementor-element elementor-element-a2284c0 elementor-widget elementor-widget-text-editor\" data-id=\"a2284c0\" data-element_type=\"widget\" data-widget_type=\"text-editor.default\">\n\t\t\t\t<div class=\"elementor-widget-container\">\n\t\t\t\t\t\t\t\t\t<p>Chez Abakando, nous disposons de deux salles priv\u00e9es o\u00f9 vous pourrez c\u00e9l\u00e9brer des \u00e9v\u00e9nements exclusifs dans un espace s\u00e9par\u00e9 de la salle \u00e0 manger principale. Deux salles qui permettent de profiter en toute intimit\u00e9 des anniversaires, bapt\u00eames, \u00e9v\u00e9nements d&rsquo;entreprise, c\u00e9l\u00e9brations&#8230; <\/p>\n\t\t\t\t\t\t\t\t<\/div>\n\t\t\t\t<\/div>\n\t\t\t\t\t<\/div>\n\t\t\t\t<\/div>\n\t\t<div class=\"elementor-element elementor-element-30a0538 e-flex e-con-boxed e-con e-parent\" data-id=\"30a0538\" data-element_type=\"container\">\n\t\t\t\t\t<div class=\"e-con-inner\">\n\t\t\t\t<div class=\"elementor-element elementor-element-79ea618 elementor-widget elementor-widget-heading\" data-id=\"79ea618\" data-element_type=\"widget\" data-widget_type=\"heading.default\">\n\t\t\t\t<div class=\"elementor-widget-container\">\n\t\t\t\t\t<h2 class=\"elementor-heading-title elementor-size-default\">Les chambres<\/h2>\t\t\t\t<\/div>\n\t\t\t\t<\/div>\n\t\t<div class=\"elementor-element elementor-element-16b6eab e-flex e-con-boxed e-con e-child\" data-id=\"16b6eab\" data-element_type=\"container\">\n\t\t\t\t\t<div class=\"e-con-inner\">\n\t\t<div class=\"elementor-element elementor-element-b7a3b5b e-flex e-con-boxed e-con e-child\" data-id=\"b7a3b5b\" data-element_type=\"container\">\n\t\t\t\t\t<div class=\"e-con-inner\">\n\t\t\t\t<div class=\"elementor-element elementor-element-97c3666 elementor-widget elementor-widget-image\" data-id=\"97c3666\" data-element_type=\"widget\" data-widget_type=\"image.default\">\n\t\t\t\t<div class=\"elementor-widget-container\">\n\t\t\t\t\t\t\t\t\t\t\t\t\t\t\t<img decoding=\"async\" src=\"https:\/\/abakandoss.com\/wp-content\/uploads\/elementor\/thumbs\/F1A3613-copia-scaled-qmqisg5eq0kwyok59rttnty42h9llzdl5foppkifcw.jpg\" title=\"_F1A3613 copia\" alt=\"abakando_restaurante antiguo donosti\" loading=\"lazy\" \/>\t\t\t\t\t\t\t\t\t\t\t\t\t\t\t<\/div>\n\t\t\t\t<\/div>\n\t\t\t\t\t<\/div>\n\t\t\t\t<\/div>\n\t\t<div class=\"elementor-element elementor-element-ee03fd9 e-flex e-con-boxed e-con e-child\" data-id=\"ee03fd9\" data-element_type=\"container\">\n\t\t\t\t\t<div class=\"e-con-inner\">\n\t\t\t\t<div class=\"elementor-element elementor-element-aa8845a elementor-widget elementor-widget-heading\" data-id=\"aa8845a\" data-element_type=\"widget\" data-widget_type=\"heading.default\">\n\t\t\t\t<div class=\"elementor-widget-container\">\n\t\t\t\t\t<h3 class=\"elementor-heading-title elementor-size-default\">Deux salles priv\u00e9es avec possibilit\u00e9 de les convertir en une seule<\/h3>\t\t\t\t<\/div>\n\t\t\t\t<\/div>\n\t\t\t\t<div class=\"elementor-element elementor-element-fff85b7 elementor-widget elementor-widget-text-editor\" data-id=\"fff85b7\" data-element_type=\"widget\" data-widget_type=\"text-editor.default\">\n\t\t\t\t<div class=\"elementor-widget-container\">\n\t\t\t\t\t\t\t\t\t<p class=\"CDt4Ke zfr3Q\" dir=\"ltr\">Un espace confortable et priv\u00e9 diff\u00e9renci\u00e9 de notre salle \u00e0 manger principale. Deux salles exclusives qui ne font plus qu&rsquo;une avec la possibilit\u00e9 d&rsquo;accueillir jusqu&rsquo;\u00e0 30 personnes dans le m\u00eame espace. D\u00e9couvrez nos menus pour groupes et vivez l&rsquo;exp\u00e9rience de c\u00e9l\u00e9brer votre propre \u00e9v\u00e9nement \u00e0 Abakando, Saint-S\u00e9bastien.<\/p>\n\t\t\t\t\t\t\t\t<\/div>\n\t\t\t\t<\/div>\n\t\t<div class=\"elementor-element elementor-element-ec63897 e-flex e-con-boxed e-con e-child\" data-id=\"ec63897\" data-element_type=\"container\">\n\t\t\t\t\t<div class=\"e-con-inner\">\n\t\t\t\t<div class=\"elementor-element elementor-element-4ae3d7c elementor-widget elementor-widget-button\" data-id=\"4ae3d7c\" data-element_type=\"widget\" data-widget_type=\"button.default\">\n\t\t\t\t<div class=\"elementor-widget-container\">\n\t\t\t\t\t\t\t\t\t<div class=\"elementor-button-wrapper\">\n\t\t\t\t\t<a class=\"elementor-button elementor-button-link elementor-size-md\" href=\"https:\/\/abakandoss.com\/wp-content\/uploads\/2024\/04\/Menu-para-grupos-ABK.pdf\">\n\t\t\t\t\t\t<span class=\"elementor-button-content-wrapper\">\n\t\t\t\t\t\t\t\t\t<span class=\"elementor-button-text\">Menu pour les groupes<\/span>\n\t\t\t\t\t<\/span>\n\t\t\t\t\t<\/a>\n\t\t\t\t<\/div>\n\t\t\t\t\t\t\t\t<\/div>\n\t\t\t\t<\/div>\n\t\t\t\t\t<\/div>\n\t\t\t\t<\/div>\n\t\t\t\t\t<\/div>\n\t\t\t\t<\/div>\n\t\t\t\t\t<\/div>\n\t\t\t\t<\/div>\n\t\t\t\t\t<\/div>\n\t\t\t\t<\/div>\n\t\t<div class=\"elementor-element elementor-element-75b55d1 e-flex e-con-boxed e-con e-parent\" data-id=\"75b55d1\" data-element_type=\"container\">\n\t\t\t\t\t<div class=\"e-con-inner\">\n\t\t<div class=\"elementor-element elementor-element-4115cf5 e-flex e-con-boxed e-con e-child\" data-id=\"4115cf5\" data-element_type=\"container\">\n\t\t\t\t\t<div class=\"e-con-inner\">\n\t\t<div class=\"elementor-element elementor-element-c554d23 e-flex e-con-boxed e-con e-child\" data-id=\"c554d23\" data-element_type=\"container\">\n\t\t\t\t\t<div class=\"e-con-inner\">\n\t\t\t\t<div class=\"elementor-element elementor-element-bbdb0c7 elementor-widget elementor-widget-image\" data-id=\"bbdb0c7\" data-element_type=\"widget\" data-widget_type=\"image.default\">\n\t\t\t\t<div class=\"elementor-widget-container\">\n\t\t\t\t\t\t\t\t\t\t\t\t\t\t\t<img fetchpriority=\"high\" decoding=\"async\" width=\"768\" height=\"514\" src=\"https:\/\/abakandoss.com\/wp-content\/uploads\/2024\/04\/F1A3615-copia-768x514.jpg\" class=\"attachment-medium_large size-medium_large wp-image-367\" alt=\"abakando_restaurante antiguo donosti\" srcset=\"https:\/\/abakandoss.com\/wp-content\/uploads\/2024\/04\/F1A3615-copia-768x514.jpg 768w, https:\/\/abakandoss.com\/wp-content\/uploads\/2024\/04\/F1A3615-copia-300x201.jpg 300w, https:\/\/abakandoss.com\/wp-content\/uploads\/2024\/04\/F1A3615-copia-1024x685.jpg 1024w, https:\/\/abakandoss.com\/wp-content\/uploads\/2024\/04\/F1A3615-copia-1536x1028.jpg 1536w, https:\/\/abakandoss.com\/wp-content\/uploads\/2024\/04\/F1A3615-copia-2048x1371.jpg 2048w\" sizes=\"(max-width: 768px) 100vw, 768px\" \/>\t\t\t\t\t\t\t\t\t\t\t\t\t\t\t<\/div>\n\t\t\t\t<\/div>\n\t\t\t\t\t<\/div>\n\t\t\t\t<\/div>\n\t\t\t\t\t<\/div>\n\t\t\t\t<\/div>\n\t\t\t\t\t<\/div>\n\t\t\t\t<\/div>\n\t\t<div class=\"elementor-element elementor-element-d872186 e-flex e-con-boxed e-con e-parent\" data-id=\"d872186\" data-element_type=\"container\">\n\t\t\t\t\t<div class=\"e-con-inner\">\n\t\t\t\t<div class=\"elementor-element elementor-element-a3f8c1b elementor-widget__width-inherit elementor-widget elementor-widget-heading\" data-id=\"a3f8c1b\" data-element_type=\"widget\" data-widget_type=\"heading.default\">\n\t\t\t\t<div class=\"elementor-widget-container\">\n\t\t\t\t\t<h2 class=\"elementor-heading-title elementor-size-default\">Contact<\/h2>\t\t\t\t<\/div>\n\t\t\t\t<\/div>\n\t\t<div class=\"elementor-element elementor-element-1ff22cc e-flex e-con-boxed e-con e-child\" data-id=\"1ff22cc\" data-element_type=\"container\">\n\t\t\t\t\t<div class=\"e-con-inner\">\n\t\t<div class=\"elementor-element elementor-element-f5f9f09 e-flex e-con-boxed e-con e-child\" data-id=\"f5f9f09\" data-element_type=\"container\">\n\t\t\t\t\t<div class=\"e-con-inner\">\n\t\t\t\t<div class=\"elementor-element elementor-element-abc4848 elementor-widget elementor-widget-heading\" data-id=\"abc4848\" data-element_type=\"widget\" data-widget_type=\"heading.default\">\n\t\t\t\t<div class=\"elementor-widget-container\">\n\t\t\t\t\t<h3 class=\"elementor-heading-title elementor-size-default\">O\u00f9 sommes-nous<\/h3>\t\t\t\t<\/div>\n\t\t\t\t<\/div>\n\t\t\t\t<div class=\"elementor-element elementor-element-05bbecb elementor-widget elementor-widget-text-editor\" data-id=\"05bbecb\" data-element_type=\"widget\" data-widget_type=\"text-editor.default\">\n\t\t\t\t<div class=\"elementor-widget-container\">\n\t\t\t\t\t\t\t\t\t<p>Avenue Tolosa 37, 20018<br \/>Donostia-San Sebasti\u00e1n (Gipuzkoa)<\/p>\n<p><span class=\"C9DxTc \">T\u00e9l\u00e9phone: 943 245 490<br \/>688 868 894<\/span><\/p>\n\t\t\t\t\t\t\t\t<\/div>\n\t\t\t\t<\/div>\n\t\t\t\t<div class=\"elementor-element elementor-element-95f2da7 elementor-widget elementor-widget-heading\" data-id=\"95f2da7\" data-element_type=\"widget\" data-widget_type=\"heading.default\">\n\t\t\t\t<div class=\"elementor-widget-container\">\n\t\t\t\t\t<h3 class=\"elementor-heading-title elementor-size-default\">Horaire d'ouverture<\/h3>\t\t\t\t<\/div>\n\t\t\t\t<\/div>\n\t\t\t\t<div class=\"elementor-element elementor-element-1a54471 elementor-widget elementor-widget-text-editor\" data-id=\"1a54471\" data-element_type=\"widget\" data-widget_type=\"text-editor.default\">\n\t\t\t\t<div class=\"elementor-widget-container\">\n\t\t\t\t\t\t\t\t\t<p>Du lundi au samedi : 12h00 \u00e0 23h30<br \/>Mercredi : Ferm\u00e9<br \/>Dimanche : 12h00 \u00e0 17h00<\/p>\n\t\t\t\t\t\t\t\t<\/div>\n\t\t\t\t<\/div>\n\t\t\t\t\t<\/div>\n\t\t\t\t<\/div>\n\t\t<div class=\"elementor-element elementor-element-2afca34 e-flex e-con-boxed e-con e-child\" data-id=\"2afca34\" data-element_type=\"container\">\n\t\t\t\t\t<div class=\"e-con-inner\">\n\t\t\t\t<div class=\"elementor-element elementor-element-1910685 elementor-widget elementor-widget-google_maps\" data-id=\"1910685\" data-element_type=\"widget\" data-widget_type=\"google_maps.default\">\n\t\t\t\t<div class=\"elementor-widget-container\">\n\t\t\t\t\t\t\t<div class=\"elementor-custom-embed\">\n\t\t\t<iframe loading=\"lazy\"\n\t\t\t\t\tsrc=\"https:\/\/maps.google.com\/maps?q=Abakando&#038;t=m&#038;z=15&#038;output=embed&#038;iwloc=near\"\n\t\t\t\t\ttitle=\"Abakando\"\n\t\t\t\t\taria-label=\"Abakando\"\n\t\t\t><\/iframe>\n\t\t<\/div>\n\t\t\t\t\t\t<\/div>\n\t\t\t\t<\/div>\n\t\t\t\t\t<\/div>\n\t\t\t\t<\/div>\n\t\t\t\t\t<\/div>\n\t\t\t\t<\/div>\n\t\t\t\t\t<\/div>\n\t\t\t\t<\/div>\n\t\t\t\t<\/div>\n\t\t","protected":false},"excerpt":{"rendered":"<p>Reservation de chambre Chez Abakando, nous disposons de deux salles priv\u00e9es o\u00f9 vous pourrez c\u00e9l\u00e9brer des \u00e9v\u00e9nements exclusifs dans un espace s\u00e9par\u00e9 de la salle \u00e0 manger principale. Deux salles qui permettent de profiter en toute intimit\u00e9 des anniversaires, bapt\u00eames, \u00e9v\u00e9nements d&rsquo;entreprise, c\u00e9l\u00e9brations&#8230; Les chambres Deux salles priv\u00e9es avec possibilit\u00e9 de les convertir en une [&hellip;]<\/p>\n","protected":false},"author":1,"featured_media":379,"parent":0,"menu_order":0,"comment_status":"closed","ping_status":"closed","template":"","meta":{"footnotes":""},"class_list":["post-486","page","type-page","status-publish","has-post-thumbnail","hentry"],"_links":{"self":[{"href":"https:\/\/abakandoss.com\/fr\/wp-json\/wp\/v2\/pages\/486","targetHints":{"allow":["GET"]}}],"collection":[{"href":"https:\/\/abakandoss.com\/fr\/wp-json\/wp\/v2\/pages"}],"about":[{"href":"https:\/\/abakandoss.com\/fr\/wp-json\/wp\/v2\/types\/page"}],"author":[{"embeddable":true,"href":"https:\/\/abakandoss.com\/fr\/wp-json\/wp\/v2\/users\/1"}],"replies":[{"embeddable":true,"href":"https:\/\/abakandoss.com\/fr\/wp-json\/wp\/v2\/comments?post=486"}],"version-history":[{"count":10,"href":"https:\/\/abakandoss.com\/fr\/wp-json\/wp\/v2\/pages\/486\/revisions"}],"predecessor-version":[{"id":604,"href":"https:\/\/abakandoss.com\/fr\/wp-json\/wp\/v2\/pages\/486\/revisions\/604"}],"wp:featuredmedia":[{"embeddable":true,"href":"https:\/\/abakandoss.com\/fr\/wp-json\/wp\/v2\/media\/379"}],"wp:attachment":[{"href":"https:\/\/abakandoss.com\/fr\/wp-json\/wp\/v2\/media?parent=486"}],"curies":[{"name":"wp","href":"https:\/\/api.w.org\/{rel}","templated":true}]}}